{"id":4439,"date":"2023-09-06T09:29:34","date_gmt":"2023-09-06T12:29:34","guid":{"rendered":"https:\/\/www.tecafro.com.br\/produto\/professional-machine-automatic-model\/"},"modified":"2023-11-28T11:48:07","modified_gmt":"2023-11-28T14:48:07","slug":"professional-machine-automatic-model","status":"publish","type":"product","link":"https:\/\/www.tecafro.com.br\/en\/produto\/professional-machine-automatic-model\/","title":{"rendered":"PROFESSIONAL MODEL MACHINE &#8211; PNEUMATIC"},"content":{"rendered":"<p>PROFESSIONAL\/ PNEUMATIC machine &#8211; Cod. 17.565 &#8211; TFP &#8211; 2\/15 Pneumatic<\/p>\n<p><span data-sheets-value=\"{\"1\":2,\"2\":\"Descri\u00e7\u00e3o: Esta m\u00e1quina \u00e9 altamente capaz de atender a sua produtividade em alta escala, trata-se de uma m\u00e1quina El\u00e9trica\/Pneum\u00e1tica, resistente e pr\u00e1tica.\"}\" data-sheets-userformat=\"{\"2\":6915,\"3\":{\"1\":0},\"4\":{\"1\":2,\"2\":16777215},\"11\":4,\"12\":0,\"14\":{\"1\":2,\"2\":2236962},\"15\":\"Arial, Helvetica, sans-serif\"}\">Description: This machine is highly capable of meeting your productivity on a high scale, it is an Electric\/Pneumatic machine, resistant and practical.<\/span><\/p>\n","protected":false},"excerpt":{"rendered":"<p>M\u00c1QUINA MODELO PROFISSIONAL &#8211; PNEUM\u00c1TICA &#8211; Cod. 17.565 TFP &#8211; 2\/15<\/p>\n<p>It is a more resistant machine, suitable for producing 40 to 80 thousand molds\/month. Above this quantity we recommend our Industrial model machine.<\/p>\n<p>When purchasing this machine, you will receive 2 sets of machined molds for the Pink model mold.<\/p>\n<p>Note: This machine IS NOT AUTOMATIC, IT IS PNEUMATIC.<\/p>\n<p>Shipping, tax on NF. and\/or customs expenses are the responsibility of the customer.<\/p>\n","protected":false},"featured_media":3512,"template":"","meta":{"site-sidebar-layout":"default","site-content-layout":"","ast-site-content-layout":"default","site-content-style":"default","site-sidebar-style":"default","ast-global-header-display":"","ast-banner-title-visibility":"","ast-main-header-display":"","ast-hfb-above-header-display":"","ast-hfb-below-header-display":"","ast-hfb-mobile-header-display":"","site-post-title":"","ast-breadcrumbs-content":"","ast-featured-img":"","footer-sml-layout":"","theme-transparent-header-meta":"default","adv-header-id-meta":"","stick-header-meta":"default","header-above-stick-meta":"","header-main-stick-meta":"","header-below-stick-meta":"","astra-migrate-meta-layouts":"default","ast-page-background-enabled":"default","ast-page-background-meta":{"desktop":{"background-color":"","background-image":"","background-repeat":"repeat","background-position":"center center","background-size":"auto","background-attachment":"scroll","background-type":"","background-media":"","overlay-type":"","overlay-color":"","overlay-opacity":"","overlay-gradient":""},"tablet":{"background-color":"","background-image":"","background-repeat":"repeat","background-position":"center center","background-size":"auto","background-attachment":"scroll","background-type":"","background-media":"","overlay-type":"","overlay-color":"","overlay-opacity":"","overlay-gradient":""},"mobile":{"background-color":"","background-image":"","background-repeat":"repeat","background-position":"center center","background-size":"auto","background-attachment":"scroll","background-type":"","background-media":"","overlay-type":"","overlay-color":"","overlay-opacity":"","overlay-gradient":""}},"ast-content-background-meta":{"desktop":{"background-color":"var(--ast-global-color-5)","background-image":"","background-repeat":"repeat","background-position":"center center","background-size":"auto","background-attachment":"scroll","background-type":"","background-media":"","overlay-type":"","overlay-color":"","overlay-opacity":"","overlay-gradient":""},"tablet":{"background-color":"var(--ast-global-color-5)","background-image":"","background-repeat":"repeat","background-position":"center center","background-size":"auto","background-attachment":"scroll","background-type":"","background-media":"","overlay-type":"","overlay-color":"","overlay-opacity":"","overlay-gradient":""},"mobile":{"background-color":"var(--ast-global-color-5)","background-image":"","background-repeat":"repeat","background-position":"center center","background-size":"auto","background-attachment":"scroll","background-type":"","background-media":"","overlay-type":"","overlay-color":"","overlay-opacity":"","overlay-gradient":""}}},"product_brand":[],"product_cat":[209],"product_tag":[],"class_list":{"0":"post-4439","1":"product","2":"type-product","3":"status-publish","4":"has-post-thumbnail","6":"product_cat-machines","7":"desktop-align-left","8":"tablet-align-left","9":"mobile-align-left","10":"ast-product-gallery-layout-horizontal","11":"ast-product-gallery-with-no-image","13":"first","14":"instock","15":"shipping-taxable","16":"purchasable","17":"product-type-simple"},"_links":{"self":[{"href":"https:\/\/www.tecafro.com.br\/en\/wp-json\/wp\/v2\/product\/4439","targetHints":{"allow":["GET"]}}],"collection":[{"href":"https:\/\/www.tecafro.com.br\/en\/wp-json\/wp\/v2\/product"}],"about":[{"href":"https:\/\/www.tecafro.com.br\/en\/wp-json\/wp\/v2\/types\/product"}],"wp:featuredmedia":[{"embeddable":true,"href":"https:\/\/www.tecafro.com.br\/en\/wp-json\/wp\/v2\/media\/3512"}],"wp:attachment":[{"href":"https:\/\/www.tecafro.com.br\/en\/wp-json\/wp\/v2\/media?parent=4439"}],"wp:term":[{"taxonomy":"product_brand","embeddable":true,"href":"https:\/\/www.tecafro.com.br\/en\/wp-json\/wp\/v2\/product_brand?post=4439"},{"taxonomy":"product_cat","embeddable":true,"href":"https:\/\/www.tecafro.com.br\/en\/wp-json\/wp\/v2\/product_cat?post=4439"},{"taxonomy":"product_tag","embeddable":true,"href":"https:\/\/www.tecafro.com.br\/en\/wp-json\/wp\/v2\/product_tag?post=4439"}],"curies":[{"name":"wp","href":"https:\/\/api.w.org\/{rel}","templated":true}]}}