{"id":4425,"date":"2017-12-17T06:31:19","date_gmt":"2017-12-17T08:31:19","guid":{"rendered":"https:\/\/www.tecafro.com.br\/home\/"},"modified":"2024-01-30T12:40:26","modified_gmt":"2024-01-30T15:40:26","slug":"home","status":"publish","type":"page","link":"https:\/\/www.tecafro.com.br\/en\/","title":{"rendered":"Home"},"content":{"rendered":"\n\n\t\t<h1>\n\t\t\tTECA FR\u00d4\n\t\t<\/h1>\n\t\t\t<h5>Produto Patenteado: N. 932718302<\/h5><h2>NOVIDADES<\/h2>\t\t\t\n\t\t\t\t<img loading=\"lazy\" decoding=\"async\" src=\"https:\/\/www.tecafro.com.br\/wp-content\/uploads\/2023\/08\/2023-08-22-as-17.21.57.jpg\" alt=\"M\u00e1quina Teca Fr\u00f4 - Hobby\" itemprop=\"image\" height=\"1024\" width=\"768\" title=\"M\u00e1quina Teca Fr\u00f4 - Hobby Branca\" onerror=\"this.style.display='none'\"  \/>\n\t\t\t<h3>M\u00e1quina e Moldes da Forminha Modelo Rosa<\/h3>\t\t\t\n\t\t\t\t<p>A Teca Fr\u00f4 desenvolveu 3 modelos de m\u00e1quinas e moldes que reproduzem com fidelidade o designer da sua forminha modelo &#8220;Rosa&#8221;.<\/p>\n<p>As m\u00e1quinas s\u00e3o de friso, e est\u00e3o precisamente ajustadas para acomodar todos os moldes da cole\u00e7\u00e3o da nossa marca TF. Atendendo a todos os crit\u00e9rios de qualidade, seguran\u00e7a e produtividade.<\/p>\n<p>Os Moldes s\u00e3o usinados em alum\u00ednio naval, sin\u00f4nimo de qualidade, durabilidade e perfei\u00e7\u00e3o.<\/p>\n\t\t\t<a href=\"https:\/\/www.tecafro.com.br\/en\/machines-and-molds\/\" target=\"_self\" role=\"button\" aria-label=\"Conhe\u00e7a mais sobre as m\u00e1quinas\" rel=\"noopener\">\n\t\t\t\t\t\t\tConhe\u00e7a mais sobre as m\u00e1quinas\n\t\t<\/a>\n\t<h2>\n\t\t\t\tPARCEIROS\n\t\t\t<\/h2>\n\t\t\t<h3>Fiore Di Carta Forminhas<\/h3>\t\t\t\n\t\t\t\t<p>Nossa parceira de longa data, que produz forminhas de doce decoradas com mais de 50 tons diferentes para atender diferentes necessidades.<\/p>\n<p>\u00c9 a \u00fanica no mercado que reproduz fielmente uma rosa natural.<\/p>\n\t\t\t<a href=\"https:\/\/www.tecafro.com.br\/en\/partnerships\/\" target=\"_self\" role=\"button\" aria-label=\"Quero conhecer\" rel=\"noopener\">\n\t\t\t\t\t\t\tQuero conhecer\n\t\t<\/a>\n\t\t\t\t<img loading=\"lazy\" decoding=\"async\" src=\"https:\/\/www.tecafro.com.br\/wp-content\/uploads\/2023\/11\/nova-logo.jpg\" alt=\"nova logo\" itemprop=\"image\" height=\"1080\" width=\"1080\" title=\"nova logo\" onerror=\"this.style.display='none'\"  \/>\n\t\t\t\t<img loading=\"lazy\" decoding=\"async\" src=\"https:\/\/www.tecafro.com.br\/wp-content\/uploads\/2023\/11\/fioredicarta-logo.jpg\" alt=\"fioredicarta-logo\" itemprop=\"image\" height=\"240\" width=\"240\" title=\"fioredicarta-logo\" onerror=\"this.style.display='none'\"  \/>\n\t<h2>\n\t\t\t\tREFER\u00caNCIAS\n\t\t\t<\/h2>\n                    <img decoding=\"async\" src=\"https:\/\/www.tecafro.com.br\/wp-content\/uploads\/2023\/10\/forminhas-agrupadas.png\" alt=\"\" \/>\n                    <img decoding=\"async\" src=\"https:\/\/www.tecafro.com.br\/wp-content\/uploads\/2023\/10\/leco-para-bem-casados.jpg\" alt=\"\" \/>\n                    <img decoding=\"async\" src=\"https:\/\/www.tecafro.com.br\/wp-content\/uploads\/2023\/10\/formas-vermelhas.jpg\" alt=\"\" \/>\n                    <img decoding=\"async\" src=\"https:\/\/www.tecafro.com.br\/wp-content\/uploads\/2023\/10\/moldura-06.jpg\" alt=\"\" \/>\n                    <img decoding=\"async\" src=\"https:\/\/www.tecafro.com.br\/wp-content\/uploads\/2023\/11\/referencia04.jpg\" alt=\"\" \/>\n                    <img decoding=\"async\" src=\"https:\/\/www.tecafro.com.br\/wp-content\/uploads\/2023\/11\/referencia03.jpg\" alt=\"\" \/>\n                    <img decoding=\"async\" src=\"https:\/\/www.tecafro.com.br\/wp-content\/uploads\/2023\/11\/referencia02.jpg\" alt=\"\" \/>\n                    <img decoding=\"async\" src=\"https:\/\/www.tecafro.com.br\/wp-content\/uploads\/2023\/11\/referencia01.jpg\" alt=\"\" \/>\n\t<h2>\n\t\t\t\tCONTATO\n\t\t\t<\/h2>\n\t\t\t<a href=\"https:\/\/web.whatsapp.com\/send?phone=5547984960745&#038;text=Preciso%20de%20informa%C3%A7%C3%A3o\" target=\"_blank\" rel=\"noopener\">\n\t\t\n\t\t\t<p>Pergunta sobre forminhas<br \/>+55 (47) 98496-0745<\/p>\t\t\n\t\t<\/a>\n\t\t\t<a href=\"https:\/\/web.whatsapp.com\/send?phone=64275740084&#038;text=Preciso%20de%20informa%C3%A7%C3%A3o\" target=\"_blank\" rel=\"noopener\">\n\t\t\n\t\t\t<p>Pergunta sobre m\u00e1quinas<br \/>+64 275740084<\/p>\t\t\n\t\t<\/a>\n\t<h5>\n\t\t\t\tSiga\n\t\t\t<\/h5>\n\n","protected":false},"excerpt":{"rendered":"<p>TECA FR\u00d4 Produto Patenteado: N. 932718302 NOVIDADES M\u00e1quina e Moldes da Forminha Modelo Rosa A Teca Fr\u00f4 desenvolveu 3 modelos de m\u00e1quinas e moldes que reproduzem com fidelidade o designer da sua forminha modelo &#8220;Rosa&#8221;. As m\u00e1quinas s\u00e3o de friso, e est\u00e3o precisamente ajustadas para acomodar todos os moldes da cole\u00e7\u00e3o da nossa marca TF. [&hellip;]<\/p>\n","protected":false},"author":4,"featured_media":0,"parent":0,"menu_order":0,"comment_status":"closed","ping_status":"closed","template":"","meta":{"site-sidebar-layout":"no-sidebar","site-content-layout":"page-builder","ast-site-content-layout":"full-width-container","site-content-style":"default","site-sidebar-style":"boxed","ast-global-header-display":"","ast-banner-title-visibility":"","ast-main-header-display":"disabled","ast-hfb-above-header-display":"","ast-hfb-below-header-display":"disabled","ast-hfb-mobile-header-display":"disabled","site-post-title":"disabled","ast-breadcrumbs-content":"","ast-featured-img":"disabled","footer-sml-layout":"","theme-transparent-header-meta":"default","adv-header-id-meta":"1738","stick-header-meta":"default","header-above-stick-meta":"","header-main-stick-meta":"","header-below-stick-meta":"","astra-migrate-meta-layouts":"default","ast-page-background-enabled":"default","ast-page-background-meta":{"desktop":{"background-color":"","background-image":"","background-repeat":"repeat","background-position":"center center","background-size":"auto","background-attachment":"scroll","background-type":"","background-media":"","overlay-type":"","overlay-color":"","overlay-opacity":"","overlay-gradient":""},"tablet":{"background-color":"","background-image":"","background-repeat":"repeat","background-position":"center center","background-size":"auto","background-attachment":"scroll","background-type":"","background-media":"","overlay-type":"","overlay-color":"","overlay-opacity":"","overlay-gradient":""},"mobile":{"background-color":"","background-image":"","background-repeat":"repeat","background-position":"center center","background-size":"auto","background-attachment":"scroll","background-type":"","background-media":"","overlay-type":"","overlay-color":"","overlay-opacity":"","overlay-gradient":""}},"ast-content-background-meta":{"desktop":{"background-color":"var(--ast-global-color-5)","background-image":"","background-repeat":"repeat","background-position":"center center","background-size":"auto","background-attachment":"scroll","background-type":"","background-media":"","overlay-type":"","overlay-color":"","overlay-opacity":"","overlay-gradient":""},"tablet":{"background-color":"var(--ast-global-color-5)","background-image":"","background-repeat":"repeat","background-position":"center center","background-size":"auto","background-attachment":"scroll","background-type":"","background-media":"","overlay-type":"","overlay-color":"","overlay-opacity":"","overlay-gradient":""},"mobile":{"background-color":"var(--ast-global-color-5)","background-image":"","background-repeat":"repeat","background-position":"center center","background-size":"auto","background-attachment":"scroll","background-type":"","background-media":"","overlay-type":"","overlay-color":"","overlay-opacity":"","overlay-gradient":""}},"footnotes":""},"class_list":["post-4425","page","type-page","status-publish","hentry"],"_links":{"self":[{"href":"https:\/\/www.tecafro.com.br\/en\/wp-json\/wp\/v2\/pages\/4425","targetHints":{"allow":["GET"]}}],"collection":[{"href":"https:\/\/www.tecafro.com.br\/en\/wp-json\/wp\/v2\/pages"}],"about":[{"href":"https:\/\/www.tecafro.com.br\/en\/wp-json\/wp\/v2\/types\/page"}],"author":[{"embeddable":true,"href":"https:\/\/www.tecafro.com.br\/en\/wp-json\/wp\/v2\/users\/4"}],"replies":[{"embeddable":true,"href":"https:\/\/www.tecafro.com.br\/en\/wp-json\/wp\/v2\/comments?post=4425"}],"version-history":[{"count":3,"href":"https:\/\/www.tecafro.com.br\/en\/wp-json\/wp\/v2\/pages\/4425\/revisions"}],"predecessor-version":[{"id":5897,"href":"https:\/\/www.tecafro.com.br\/en\/wp-json\/wp\/v2\/pages\/4425\/revisions\/5897"}],"wp:attachment":[{"href":"https:\/\/www.tecafro.com.br\/en\/wp-json\/wp\/v2\/media?parent=4425"}],"curies":[{"name":"wp","href":"https:\/\/api.w.org\/{rel}","templated":true}]}}